{"id":1818,"date":"2024-10-01T20:42:38","date_gmt":"2024-10-01T20:42:38","guid":{"rendered":"https:\/\/integras.group\/themencode-pdf-viewer\/"},"modified":"2024-10-01T20:42:38","modified_gmt":"2024-10-01T20:42:38","slug":"themencode-pdf-viewer","status":"publish","type":"page","link":"https:\/\/integras.group\/de\/themencode-pdf-viewer\/","title":{"rendered":"ThemeNcode PDF Viewer [Do not Delete]"},"content":{"rendered":"<p>Diese Seite dient zum Anzeigen von PDF-Dateien.<\/p>","protected":false},"excerpt":{"rendered":"<p>Diese Seite dient zum Anzeigen von PDF-Dateien.<\/p>","protected":false},"author":1,"featured_media":0,"parent":0,"menu_order":0,"comment_status":"closed","ping_status":"closed","template":"tnc-pdf-viewer.php","meta":{"_kad_post_transparent":"","_kad_post_title":"","_kad_post_layout":"","_kad_post_sidebar_id":"","_kad_post_content_style":"","_kad_post_vertical_padding":"","_kad_post_feature":"","_kad_post_feature_position":"","_kad_post_header":false,"_kad_post_footer":false,"_kad_post_classname":"","footnotes":""},"class_list":["post-1818","page","type-page","status-publish","hentry"],"yoast_head":"<!-- This site is optimized with the Yoast SEO Premium plugin v26.5 (Yoast SEO v26.9) - https:\/\/yoast.com\/product\/yoast-seo-premium-wordpress\/ -->\n<title>ThemeNcode PDF Viewer [Do not Delete] - INTEGRAS Ukrainian-Swiss Platform<\/title>\n<meta name=\"robots\" content=\"index, follow, max-snippet:-1, max-image-preview:large, max-video-preview:-1\" \/>\n<link rel=\"canonical\" href=\"https:\/\/integras.group\/de\/themencode-pdf-viewer\/\" \/>\n<meta property=\"og:locale\" content=\"de_DE\" \/>\n<meta property=\"og:type\" content=\"article\" \/>\n<meta property=\"og:title\" content=\"ThemeNcode PDF Viewer [Do not Delete]\" \/>\n<meta property=\"og:description\" content=\"This page is used for Viewing PDF.\" \/>\n<meta property=\"og:url\" content=\"https:\/\/integras.group\/de\/themencode-pdf-viewer\/\" \/>\n<meta property=\"og:site_name\" content=\"INTEGRAS Ukrainian-Swiss Platform\" \/>\n<meta property=\"article:publisher\" content=\"https:\/\/www.facebook.com\/IntegraSch\" \/>\n<meta property=\"og:image\" content=\"https:\/\/integras.group\/wp-content\/uploads\/2024\/10\/Afisha.jpeg\" \/>\n\t<meta property=\"og:image:width\" content=\"1920\" \/>\n\t<meta property=\"og:image:height\" content=\"1080\" \/>\n\t<meta property=\"og:image:type\" content=\"image\/jpeg\" \/>\n<meta name=\"twitter:card\" content=\"summary_large_image\" \/>\n<script type=\"application\/ld+json\" class=\"yoast-schema-graph\">{\"@context\":\"https:\/\/schema.org\",\"@graph\":[{\"@type\":\"WebPage\",\"@id\":\"https:\/\/integras.group\/themencode-pdf-viewer\/\",\"url\":\"https:\/\/integras.group\/themencode-pdf-viewer\/\",\"name\":\"ThemeNcode PDF Viewer [Do not Delete] - INTEGRAS Ukrainian-Swiss Platform\",\"isPartOf\":{\"@id\":\"https:\/\/integras.group\/#website\"},\"datePublished\":\"2024-10-01T20:42:38+00:00\",\"breadcrumb\":{\"@id\":\"https:\/\/integras.group\/themencode-pdf-viewer\/#breadcrumb\"},\"inLanguage\":\"de\",\"potentialAction\":[{\"@type\":\"ReadAction\",\"target\":[\"https:\/\/integras.group\/themencode-pdf-viewer\/\"]}]},{\"@type\":\"BreadcrumbList\",\"@id\":\"https:\/\/integras.group\/themencode-pdf-viewer\/#breadcrumb\",\"itemListElement\":[{\"@type\":\"ListItem\",\"position\":1,\"name\":\"Home\",\"item\":\"https:\/\/integras.group\/\"},{\"@type\":\"ListItem\",\"position\":2,\"name\":\"ThemeNcode PDF Viewer [Do not Delete]\"}]},{\"@type\":\"WebSite\",\"@id\":\"https:\/\/integras.group\/#website\",\"url\":\"https:\/\/integras.group\/\",\"name\":\"INTEGRAS Ukrainian-Swiss Platform\",\"description\":\"\u0422\u0432\u043e\u044f \u0456\u043d\u0442\u0435\u0433\u0440\u0430\u0446\u0456\u044f \u0432 \u0428\u0432\u0435\u0439\u0446\u0430\u0440\u0456\u0457 \u043f\u043e\u0447\u0438\u043d\u0430\u0454\u0442\u044c\u0441\u044f \u0442\u0443\u0442\",\"publisher\":{\"@id\":\"https:\/\/integras.group\/#organization\"},\"alternateName\":\"IntegraS Ukrainian-Swiss Platform\",\"potentialAction\":[{\"@type\":\"SearchAction\",\"target\":{\"@type\":\"EntryPoint\",\"urlTemplate\":\"https:\/\/integras.group\/?s={search_term_string}\"},\"query-input\":{\"@type\":\"PropertyValueSpecification\",\"valueRequired\":true,\"valueName\":\"search_term_string\"}}],\"inLanguage\":\"de\"},{\"@type\":\"Organization\",\"@id\":\"https:\/\/integras.group\/#organization\",\"name\":\"Integras Group\",\"alternateName\":\"INTEGRAS Group\",\"url\":\"https:\/\/integras.group\/\",\"logo\":{\"@type\":\"ImageObject\",\"inLanguage\":\"de\",\"@id\":\"https:\/\/integras.group\/#\/schema\/logo\/image\/\",\"url\":\"https:\/\/integras.group\/wp-content\/uploads\/2024\/09\/cropped-cropped-integras-logo-1.png\",\"contentUrl\":\"https:\/\/integras.group\/wp-content\/uploads\/2024\/09\/cropped-cropped-integras-logo-1.png\",\"width\":1015,\"height\":406,\"caption\":\"Integras Group\"},\"image\":{\"@id\":\"https:\/\/integras.group\/#\/schema\/logo\/image\/\"},\"sameAs\":[\"https:\/\/www.facebook.com\/IntegraSch\",\"https:\/\/www.instagram.com\/integras2024?igsh=czhmYmoweDJiemc2\",\"https:\/\/www.linkedin.com\/company\/integras-ukrainian-swiss-platform\/\",\"https:\/\/t.me\/IntegraSgroup\"],\"description\":\"INTEGRAS \u2013 \u0446\u0435 \u043a\u043b\u044e\u0447\u043e\u0432\u0430 \u043f\u043b\u0430\u0442\u0444\u043e\u0440\u043c\u0430 \u0434\u043b\u044f \u0443\u0441\u043f\u0456\u0448\u043d\u043e\u0457 \u0456\u043d\u0442\u0435\u0433\u0440\u0430\u0446\u0456\u0457 \u0443\u043a\u0440\u0430\u0457\u043d\u0441\u044c\u043a\u0438\u0445 \u0431\u0456\u0436\u0435\u043d\u0446\u0456\u0432 \u0443 \u0448\u0432\u0435\u0439\u0446\u0430\u0440\u0441\u044c\u043a\u0435 \u0441\u0443\u0441\u043f\u0456\u043b\u044c\u0441\u0442\u0432\u043e, \u0441\u0442\u0432\u043e\u0440\u0435\u043d\u0430 \u0437 \u043c\u0435\u0442\u043e\u044e \u043e\u0431\u2019\u0454\u0434\u043d\u0430\u0442\u0438 \u043f\u0440\u0435\u0434\u0441\u0442\u0430\u0432\u043d\u0438\u043a\u0456\u0432 \u0431\u0456\u0437\u043d\u0435\u0441\u0443, \u0434\u0435\u0440\u0436\u0430\u0432\u043d\u0438\u0445 \u0442\u0430 \u043c\u0456\u0441\u0446\u0435\u0432\u0438\u0445 \u043e\u0440\u0433\u0430\u043d\u0456\u0432 \u0432\u043b\u0430\u0434\u0438, \u043c\u0456\u0436\u043d\u0430\u0440\u043e\u0434\u043d\u0438\u0445 \u043e\u0440\u0433\u0430\u043d\u0456\u0437\u0430\u0446\u0456\u0439, \u0433\u0440\u043e\u043c\u0430\u0434\u0441\u044c\u043a\u0438\u0445 \u043e\u0440\u0433\u0430\u043d\u0456\u0437\u0430\u0446\u0456\u0439. \u041f\u043b\u0430\u0442\u0444\u043e\u0440\u043c\u0430 \u0434\u0430\u0441\u0442\u044c \u0443\u043d\u0456\u043a\u0430\u043b\u044c\u043d\u0443 \u043c\u043e\u0436\u043b\u0438\u0432\u0456\u0441\u0442\u044c \u0432 \u0434\u0456\u0430\u043b\u043e\u0433\u043e\u0432\u043e\u043c\u0443 \u0444\u043e\u0440\u043c\u0430\u0442\u0456 \u043e\u0431\u0433\u043e\u0432\u043e\u0440\u044e\u0432\u0430\u0442\u0438 \u043d\u0430\u0433\u0430\u043b\u044c\u043d\u0456 \u043f\u0438\u0442\u0430\u043d\u043d\u044f \u0456\u043d\u0442\u0435\u0433\u0440\u0430\u0446\u0456\u0457, \u0430\u0434\u0430\u043f\u0442\u0430\u0446\u0456\u0457, \u043f\u0440\u0430\u0446\u0435\u0432\u043b\u0430\u0448\u0442\u0443\u0432\u0430\u043d\u043d\u044f \u0442\u0430 \u043d\u0430\u0432\u0447\u0430\u043d\u043d\u044f, \u0437\u0430\u0431\u0435\u0437\u043f\u0435\u0447\u0443\u044e\u0447\u0438 \u043a\u043e\u043c\u043f\u043b\u0435\u043a\u0441\u043d\u0443 \u043f\u0456\u0434\u0442\u0440\u0438\u043c\u043a\u0443 \u0434\u043b\u044f \u0442\u0438\u0445, \u0445\u0442\u043e \u0445\u043e\u0447\u0435 \u0440\u043e\u0437\u0432\u0438\u0432\u0430\u0442\u0438 \u0441\u0432\u043e\u044e \u043a\u0430\u0440\u2019\u0454\u0440\u0443 \u0442\u0430 \u0456\u043d\u0442\u0435\u0433\u0440\u0443\u0432\u0430\u0442\u0438\u0441\u044f \u0432 \u0441\u0435\u0440\u0435\u0434\u043e\u0432\u0438\u0449\u0435 \u0428\u0432\u0435\u0439\u0446\u0430\u0440\u0456\u0457.\",\"email\":\"vidnovach@gmail.com\",\"telephone\":\"+380677100790\",\"publishingPrinciples\":\"https:\/\/integras.group\/%d1%96%d0%bd%d1%82%d0%b5%d0%b3%d1%80%d0%b0%d1%81\/\",\"ownershipFundingInfo\":\"https:\/\/integras.group\/%d1%96%d0%bd%d1%82%d0%b5%d0%b3%d1%80%d0%b0%d1%81\/\",\"actionableFeedbackPolicy\":\"https:\/\/integras.group\/%d1%96%d0%bd%d1%82%d0%b5%d0%b3%d1%80%d0%b0%d1%81\/\",\"correctionsPolicy\":\"https:\/\/integras.group\/%d1%96%d0%bd%d1%82%d0%b5%d0%b3%d1%80%d0%b0%d1%81\/\",\"ethicsPolicy\":\"https:\/\/integras.group\/%d1%96%d0%bd%d1%82%d0%b5%d0%b3%d1%80%d0%b0%d1%81\/\",\"diversityPolicy\":\"https:\/\/integras.group\/%d1%96%d0%bd%d1%82%d0%b5%d0%b3%d1%80%d0%b0%d1%81\/\",\"diversityStaffingReport\":\"https:\/\/integras.group\/%d1%96%d0%bd%d1%82%d0%b5%d0%b3%d1%80%d0%b0%d1%81\/\"}]}<\/script>\n<!-- \/ Yoast SEO Premium plugin. -->","yoast_head_json":{"title":"ThemeNcode PDF Viewer [Do not Delete] - INTEGRAS Ukrainian-Swiss Platform","robots":{"index":"index","follow":"follow","max-snippet":"max-snippet:-1","max-image-preview":"max-image-preview:large","max-video-preview":"max-video-preview:-1"},"canonical":"https:\/\/integras.group\/de\/themencode-pdf-viewer\/","og_locale":"de_DE","og_type":"article","og_title":"ThemeNcode PDF Viewer [Do not Delete]","og_description":"This page is used for Viewing PDF.","og_url":"https:\/\/integras.group\/de\/themencode-pdf-viewer\/","og_site_name":"INTEGRAS Ukrainian-Swiss Platform","article_publisher":"https:\/\/www.facebook.com\/IntegraSch","og_image":[{"width":1920,"height":1080,"url":"https:\/\/integras.group\/wp-content\/uploads\/2024\/10\/Afisha.jpeg","type":"image\/jpeg"}],"twitter_card":"summary_large_image","schema":{"@context":"https:\/\/schema.org","@graph":[{"@type":"WebPage","@id":"https:\/\/integras.group\/themencode-pdf-viewer\/","url":"https:\/\/integras.group\/themencode-pdf-viewer\/","name":"ThemeNcode PDF Viewer [Do not Delete] - INTEGRAS Ukrainian-Swiss Platform","isPartOf":{"@id":"https:\/\/integras.group\/#website"},"datePublished":"2024-10-01T20:42:38+00:00","breadcrumb":{"@id":"https:\/\/integras.group\/themencode-pdf-viewer\/#breadcrumb"},"inLanguage":"de","potentialAction":[{"@type":"ReadAction","target":["https:\/\/integras.group\/themencode-pdf-viewer\/"]}]},{"@type":"BreadcrumbList","@id":"https:\/\/integras.group\/themencode-pdf-viewer\/#breadcrumb","itemListElement":[{"@type":"ListItem","position":1,"name":"Home","item":"https:\/\/integras.group\/"},{"@type":"ListItem","position":2,"name":"ThemeNcode PDF Viewer [Do not Delete]"}]},{"@type":"WebSite","@id":"https:\/\/integras.group\/#website","url":"https:\/\/integras.group\/","name":"INTEGRAS Ukrainisch-Schweizer Plattform","description":"Deine Integration in der Schweiz beginnt hier","publisher":{"@id":"https:\/\/integras.group\/#organization"},"alternateName":"IntegraS Ukrainian-Swiss Platform","potentialAction":[{"@type":"SearchAction","target":{"@type":"EntryPoint","urlTemplate":"https:\/\/integras.group\/?s={search_term_string}"},"query-input":{"@type":"PropertyValueSpecification","valueRequired":true,"valueName":"search_term_string"}}],"inLanguage":"de"},{"@type":"Organization","@id":"https:\/\/integras.group\/#organization","name":"Integras-Gruppe","alternateName":"INTEGRAS Group","url":"https:\/\/integras.group\/","logo":{"@type":"ImageObject","inLanguage":"de","@id":"https:\/\/integras.group\/#\/schema\/logo\/image\/","url":"https:\/\/integras.group\/wp-content\/uploads\/2024\/09\/cropped-cropped-integras-logo-1.png","contentUrl":"https:\/\/integras.group\/wp-content\/uploads\/2024\/09\/cropped-cropped-integras-logo-1.png","width":1015,"height":406,"caption":"Integras Group"},"image":{"@id":"https:\/\/integras.group\/#\/schema\/logo\/image\/"},"sameAs":["https:\/\/www.facebook.com\/IntegraSch","https:\/\/www.instagram.com\/integras2024?igsh=czhmYmoweDJiemc2","https:\/\/www.linkedin.com\/company\/integras-ukrainian-swiss-platform\/","https:\/\/t.me\/IntegraSgroup"],"description":"INTEGRAS ist eine wichtige Plattform f\u00fcr die erfolgreiche Integration ukrainischer Fl\u00fcchtlinge in die Schweizer Gesellschaft, die mit dem Ziel geschaffen wurde, Vertreter von Unternehmen, staatlichen und lokalen Beh\u00f6rden, internationalen Organisationen und zivilgesellschaftlichen Organisationen zusammenzubringen. Die Plattform bietet eine einzigartige Gelegenheit, dringende Fragen der Integration, Anpassung, Besch\u00e4ftigung und Ausbildung in einem Dialogformat zu diskutieren und umfassende Unterst\u00fctzung f\u00fcr diejenigen zu bieten, die ihre Karriere weiterentwickeln und sich in die Schweizer Gesellschaft integrieren m\u00f6chten.","email":"vidnovach@gmail.com","telephone":"+380677100790","publishingPrinciples":"https:\/\/integras.group\/%d1%96%d0%bd%d1%82%d0%b5%d0%b3%d1%80%d0%b0%d1%81\/","ownershipFundingInfo":"https:\/\/integras.group\/%d1%96%d0%bd%d1%82%d0%b5%d0%b3%d1%80%d0%b0%d1%81\/","actionableFeedbackPolicy":"https:\/\/integras.group\/%d1%96%d0%bd%d1%82%d0%b5%d0%b3%d1%80%d0%b0%d1%81\/","correctionsPolicy":"https:\/\/integras.group\/%d1%96%d0%bd%d1%82%d0%b5%d0%b3%d1%80%d0%b0%d1%81\/","ethicsPolicy":"https:\/\/integras.group\/%d1%96%d0%bd%d1%82%d0%b5%d0%b3%d1%80%d0%b0%d1%81\/","diversityPolicy":"https:\/\/integras.group\/%d1%96%d0%bd%d1%82%d0%b5%d0%b3%d1%80%d0%b0%d1%81\/","diversityStaffingReport":"https:\/\/integras.group\/%d1%96%d0%bd%d1%82%d0%b5%d0%b3%d1%80%d0%b0%d1%81\/"}]}},"_links":{"self":[{"href":"https:\/\/integras.group\/de\/wp-json\/wp\/v2\/pages\/1818","targetHints":{"allow":["GET"]}}],"collection":[{"href":"https:\/\/integras.group\/de\/wp-json\/wp\/v2\/pages"}],"about":[{"href":"https:\/\/integras.group\/de\/wp-json\/wp\/v2\/types\/page"}],"author":[{"embeddable":true,"href":"https:\/\/integras.group\/de\/wp-json\/wp\/v2\/users\/1"}],"replies":[{"embeddable":true,"href":"https:\/\/integras.group\/de\/wp-json\/wp\/v2\/comments?post=1818"}],"version-history":[{"count":0,"href":"https:\/\/integras.group\/de\/wp-json\/wp\/v2\/pages\/1818\/revisions"}],"wp:attachment":[{"href":"https:\/\/integras.group\/de\/wp-json\/wp\/v2\/media?parent=1818"}],"curies":[{"name":"wp","href":"https:\/\/api.w.org\/{rel}","templated":true}]}}